{"id":19227,"date":"2026-04-15T11:21:19","date_gmt":"2026-04-15T15:21:19","guid":{"rendered":"https:\/\/rvpaternite.org\/semaine-quebecoise-de-la-paternite\/"},"modified":"2026-04-15T11:21:20","modified_gmt":"2026-04-15T15:21:20","slug":"semaine-quebecoise-de-la-paternite","status":"publish","type":"page","link":"https:\/\/rvpaternite.org\/en\/semaine-quebecoise-de-la-paternite\/","title":{"rendered":"Semaine Qu\u00e9b\u00e9coise de la Paternit\u00e9"},"content":{"rendered":"<div class=\"wpb-content-wrapper\">[vc_row fullwidth=&#8221;true&#8221; css=&#8221;.vc_custom_1775848659098{background-image: url(https:\/\/rvpaternite.org\/wp-content\/uploads\/2026\/04\/Bandeau-Web-1920&#215;315-1.png?id=19218) !important;}&#8221;][vc_column][mk_padding_divider size=&#8221;315&#8243;][\/vc_column][\/vc_row][vc_row fullwidth=&#8221;true&#8221; css=&#8221;.vc_custom_1775848881886{background-color: #286AA4 !important;}&#8221;][vc_column][mk_padding_divider size=&#8221;30&#8243;][mk_title_box color=&#8221;#ffffff&#8221; highlight_opacity=&#8221;0&#8243; size=&#8221;28&#8243; font_weight=&#8221;bold&#8221; font_family=&#8221;none&#8221;]\n<p style=\"text-align: center;\">Semaine Qu\u00e9b\u00e9coise de la Paternit\u00e9<\/p>\n[\/mk_title_box][\/vc_column][\/vc_row][vc_row el_class=&#8221;row-principe-vision pv50 padding-side&#8221;][vc_column width=&#8221;1\/6&#8243;][\/vc_column][vc_column width=&#8221;2\/3&#8243;][vc_column_text margin_bottom=&#8221;0&#8243; css=&#8221;.vc_custom_1775849211404{margin-bottom: 0px !important;}&#8221;]\n<h3 style=\"text-align: center;\"><strong>The 13th edition of the event will be held June 15-21, 2026<\/strong><\/h3>\n<p>&nbsp;<\/p>\n<p>La Semaine Qu\u00e9b\u00e9coise de la Paternit\u00e9 was established in 2013 and is celebrated every year during the week leading up to Father&#8217;s Day. With the goal of raising public awareness about the importance of fatherly engagement within the family, this event aims to spark the broadest possible discussion among the media and the public regarding the role of fathers in Quebec society and the issues surrounding contemporary fatherhood. The Regroupement pour la Valorisation de la Paternit\u00e9 is the primary organizer of the event and relies on numerous partners each year to celebrate fathers across the province of Quebec.<\/p>\n<p>To learn more, visit the event website or consult the reports from previous editions.[\/vc_column_text][mk_padding_divider size=&#8221;30&#8243;][\/vc_column][vc_column width=&#8221;1\/6&#8243;][\/vc_column][\/vc_row][vc_row el_class=&#8221;row-rapports padding-side&#8221;][vc_column][vc_column_text align=&#8221;center&#8221; css=&#8221;.vc_custom_1634221762061{margin-bottom: 0px !important;}&#8221;]\n<h3 style=\"text-align: center;\">Rapports des \u00e9ditions pass\u00e9es de l&#8217;\u00e9v\u00e9nement<\/h3>\n[\/vc_column_text][mk_padding_divider size=&#8221;50&#8243;][vc_row_inner][vc_column_inner][vc_single_image image=&#8221;14150&#8243; img_size=&#8221;175&#215;226&#8243; alignment=&#8221;center&#8221; onclick=&#8221;custom_link&#8221; img_link_target=&#8221;_blank&#8221; css=&#8221;&#8221; link=&#8221;https:\/\/rvpaternite.org\/wp-content\/uploads\/2025\/08\/SQP2025_Rapport_190825_VF.pdf&#8221;][vc_column_text align=&#8221;center&#8221; css=&#8221;.vc_custom_1755716264376{margin-bottom: 0px !important;}&#8221;]\n<p style=\"text-align: center;\">2025 &#8211; 13th edition<\/p>\n[\/vc_column_text][\/vc_column_inner][\/vc_row_inner][mk_padding_divider][vc_row_inner][vc_column_inner width=&#8221;1\/4&#8243;][vc_single_image image=&#8221;12110&#8243; img_size=&#8221;175&#215;226&#8243; alignment=&#8221;center&#8221; onclick=&#8221;custom_link&#8221; css=&#8221;&#8221; link=&#8221;https:\/\/rvpaternite.org\/wp-content\/uploads\/2024\/09\/SQP2024_Rapport_030924-compressed.pdf&#8221;][vc_column_text align=&#8221;center&#8221; css=&#8221;.vc_custom_1726583558985{margin-bottom: 0px !important;}&#8221;]\n<p style=\"text-align: center;\">2024 &#8211; 12th edition<\/p>\n[\/vc_column_text][\/vc_column_inner][vc_column_inner width=&#8221;1\/4&#8243;][vc_single_image image=&#8221;10815&#8243; img_size=&#8221;175&#215;175&#8243; alignment=&#8221;center&#8221; onclick=&#8221;custom_link&#8221; img_link_target=&#8221;_blank&#8221; css=&#8221;&#8221; link=&#8221;https:\/\/rvpaternite.org\/wp-content\/uploads\/2023\/09\/SQP2023_Rapport.pdf&#8221;][mk_padding_divider size=&#8221;50&#8243;][vc_column_text align=&#8221;center&#8221; css=&#8221;.vc_custom_1693494692548{margin-bottom: 0px !important;}&#8221;]\n<p style=\"text-align: center;\">2023 &#8211; 11th edition<\/p>\n[\/vc_column_text][\/vc_column_inner][vc_column_inner width=&#8221;1\/4&#8243;][vc_single_image image=&#8221;10483&#8243; img_size=&#8221;175&#215;175&#8243; alignment=&#8221;center&#8221; onclick=&#8221;custom_link&#8221; img_link_target=&#8221;_blank&#8221; link=&#8221;https:\/\/rvpaternite.org\/wp-content\/uploads\/2023\/02\/SQP2022_Rapport_250822.pdf&#8221;][mk_padding_divider size=&#8221;50&#8243;][vc_column_text align=&#8221;center&#8221; css=&#8221;.vc_custom_1677590670144{margin-bottom: 0px !important;}&#8221;]\n<p style=\"text-align: center;\">2022 &#8211; 10th edition<\/p>\n[\/vc_column_text][\/vc_column_inner][vc_column_inner width=&#8221;1\/4&#8243;][vc_single_image image=&#8221;8689&#8243; img_size=&#8221;175&#215;175&#8243; alignment=&#8221;center&#8221; onclick=&#8221;custom_link&#8221; img_link_target=&#8221;_blank&#8221; link=&#8221;https:\/\/rvpaternite.org\/wp-content\/uploads\/2021\/10\/rapport_sqp_2021_web.pdf&#8221;][mk_padding_divider size=&#8221;50&#8243;][vc_column_text align=&#8221;center&#8221; css=&#8221;.vc_custom_1634222538621{margin-bottom: 0px !important;}&#8221;]\n<p style=\"text-align: center;\">2021 &#8211; 9th edition<\/p>\n[\/vc_column_text][\/vc_column_inner][\/vc_row_inner][mk_padding_divider][vc_row_inner][vc_column_inner width=&#8221;1\/4&#8243;][vc_single_image image=&#8221;8707&#8243; img_size=&#8221;175&#215;175&#8243; alignment=&#8221;center&#8221; onclick=&#8221;custom_link&#8221; img_link_target=&#8221;_blank&#8221; link=&#8221;https:\/\/rvpaternite.org\/wp-content\/uploads\/2021\/10\/rapport_sqp_2020_web.pdf&#8221;][vc_column_text align=&#8221;center&#8221; css=&#8221;.vc_custom_1634222533494{margin-bottom: 0px !important;}&#8221;]\n<p style=\"text-align: center;\">2020 &#8211; 8th edition<\/p>\n[\/vc_column_text][\/vc_column_inner][vc_column_inner width=&#8221;1\/4&#8243;][vc_single_image image=&#8221;8709&#8243; img_size=&#8221;175&#215;175&#8243; alignment=&#8221;center&#8221; onclick=&#8221;custom_link&#8221; img_link_target=&#8221;_blank&#8221; link=&#8221;https:\/\/rvpaternite.org\/wp-content\/uploads\/2021\/10\/rapport_sqp_2019_web.pdf&#8221;][vc_column_text align=&#8221;center&#8221; css=&#8221;.vc_custom_1634222621550{margin-bottom: 0px !important;}&#8221;]\n<p style=\"text-align: center;\">2019 &#8211; 7th edition<\/p>\n[\/vc_column_text][\/vc_column_inner][vc_column_inner width=&#8221;1\/4&#8243;][vc_single_image image=&#8221;8711&#8243; img_size=&#8221;175&#215;175&#8243; alignment=&#8221;center&#8221; onclick=&#8221;custom_link&#8221; img_link_target=&#8221;_blank&#8221; link=&#8221;https:\/\/rvpaternite.org\/wp-content\/uploads\/2021\/10\/rapport_sqp2018_web.pdf&#8221;][vc_column_text align=&#8221;center&#8221; css=&#8221;.vc_custom_1634222667412{margin-bottom: 0px !important;}&#8221;]\n<p style=\"text-align: center;\">2018 &#8211; 6th edition<\/p>\n[\/vc_column_text][\/vc_column_inner][vc_column_inner width=&#8221;1\/4&#8243;][vc_single_image image=&#8221;8713&#8243; img_size=&#8221;175&#215;175&#8243; alignment=&#8221;center&#8221; onclick=&#8221;custom_link&#8221; img_link_target=&#8221;_blank&#8221; link=&#8221;https:\/\/rvpaternite.org\/wp-content\/uploads\/2021\/10\/rapport_sqp_2017_web.pdf&#8221;][vc_column_text align=&#8221;center&#8221; css=&#8221;.vc_custom_1634222720596{margin-bottom: 0px !important;}&#8221;]\n<p style=\"text-align: center;\">2017 &#8211; 5th edition<\/p>\n[\/vc_column_text][\/vc_column_inner][\/vc_row_inner][mk_padding_divider][vc_row_inner][vc_column_inner width=&#8221;1\/4&#8243;][vc_single_image image=&#8221;8731&#8243; img_size=&#8221;175&#215;175&#8243; alignment=&#8221;center&#8221; onclick=&#8221;custom_link&#8221; img_link_target=&#8221;_blank&#8221; link=&#8221;https:\/\/rvpaternite.org\/wp-content\/uploads\/2021\/10\/rapport_sqp_2016_abrege.pdf&#8221;][vc_column_text align=&#8221;center&#8221; css=&#8221;.vc_custom_1634328813479{margin-bottom: 0px !important;}&#8221;]\n<p style=\"text-align: center;\">2016 &#8211; 4th edition<\/p>\n[\/vc_column_text][\/vc_column_inner][vc_column_inner width=&#8221;1\/4&#8243;][vc_single_image image=&#8221;8715&#8243; img_size=&#8221;175&#215;175&#8243; alignment=&#8221;center&#8221; onclick=&#8221;custom_link&#8221; img_link_target=&#8221;_blank&#8221; link=&#8221;https:\/\/rvpaternite.org\/wp-content\/uploads\/2021\/10\/rapport_sqp_2015_web.pdf&#8221;][vc_column_text align=&#8221;center&#8221; css=&#8221;.vc_custom_1634222756283{margin-bottom: 0px !important;}&#8221;]\n<p style=\"text-align: center;\">2015 &#8211; 3th edition<\/p>\n[\/vc_column_text][\/vc_column_inner][vc_column_inner width=&#8221;1\/4&#8243;][vc_single_image image=&#8221;8717&#8243; img_size=&#8221;175&#215;175&#8243; alignment=&#8221;center&#8221; onclick=&#8221;custom_link&#8221; img_link_target=&#8221;_blank&#8221; link=&#8221;https:\/\/rvpaternite.org\/wp-content\/uploads\/2021\/10\/rapport_sqp_2014_web.pdf&#8221;][vc_column_text align=&#8221;center&#8221; css=&#8221;.vc_custom_1634223014045{margin-bottom: 0px !important;}&#8221;]\n<p style=\"text-align: center;\">2014 &#8211; 2th edition<\/p>\n[\/vc_column_text][\/vc_column_inner][vc_column_inner width=&#8221;1\/4&#8243;][vc_single_image image=&#8221;8719&#8243; img_size=&#8221;175&#215;175&#8243; alignment=&#8221;center&#8221; onclick=&#8221;custom_link&#8221; img_link_target=&#8221;_blank&#8221; link=&#8221;https:\/\/rvpaternite.org\/wp-content\/uploads\/2021\/10\/rapport_sqp_2013_web.pdf&#8221;][vc_column_text align=&#8221;center&#8221; css=&#8221;.vc_custom_1634223029096{margin-bottom: 0px !important;}&#8221;]\n<p style=\"text-align: center;\">2013 &#8211; 1th edition<\/p>\n[\/vc_column_text][\/vc_column_inner][\/vc_row_inner][mk_padding_divider size=&#8221;75&#8243;][\/vc_column][\/vc_row]\n<\/div>","protected":false},"excerpt":{"rendered":"<p>[vc_row fullwidth=&#8221;true&#8221; css=&#8221;.vc_custom_1775848659098{background-image: url(https:\/\/rvpaternite.org\/wp-content\/uploads\/2026\/04\/Bandeau-Web-1920&#215;315-1.png?id=19218) !important;}&#8221;][vc_column][mk_padding_divider size=&#8221;315&#8243;][\/vc_column][\/vc_row][vc_row fullwidth=&#8221;true&#8221; css=&#8221;.vc_custom_1775848881886{background-color: #286AA4 !important;}&#8221;][vc_column][mk_padding_divider size=&#8221;30&#8243;][mk_title_box color=&#8221;#ffffff&#8221; highlight_opacity=&#8221;0&#8243; size=&#8221;28&#8243; font_weight=&#8221;bold&#8221; font_family=&#8221;none&#8221;] Semaine Qu\u00e9b\u00e9coise de la Paternit\u00e9 [\/mk_title_box][\/vc_column][\/vc_row][vc_row el_class=&#8221;row-principe-vision pv50 padding-side&#8221;][vc_column width=&#8221;1\/6&#8243;][\/vc_column][vc_column width=&#8221;2\/3&#8243;][vc_column_text margin_bottom=&#8221;0&#8243; css=&#8221;.vc_custom_1775849211404{margin-bottom: 0px !important;}&#8221;] The 13th edition of the event will be held June 15-21, 2026 &nbsp; La Semaine Qu\u00e9b\u00e9coise de la Paternit\u00e9 was established in 2013 and [&hellip;]<\/p>\n","protected":false},"author":83,"featured_media":0,"parent":0,"menu_order":0,"comment_status":"closed","ping_status":"closed","template":"","meta":{"_acf_changed":false,"footnotes":""},"class_list":["post-19227","page","type-page","status-publish","hentry"],"acf":[],"yoast_head":"<!-- This site is optimized with the Yoast SEO plugin v27.3 - https:\/\/yoast.com\/product\/yoast-seo-wordpress\/ -->\n<title>Semaine Qu\u00e9b\u00e9coise de la Paternit\u00e9 - Regroupement pour la valorisation de la paternit\u00e9<\/title>\n<meta name=\"robots\" content=\"index, follow, max-snippet:-1, max-image-preview:large, max-video-preview:-1\" \/>\n<meta property=\"og:locale\" content=\"en_US\" \/>\n<meta property=\"og:type\" content=\"article\" \/>\n<meta property=\"og:title\" content=\"Semaine Qu\u00e9b\u00e9coise de la Paternit\u00e9 - Regroupement pour la valorisation de la paternit\u00e9\" \/>\n<meta property=\"og:description\" content=\"[vc_row fullwidth=&#8221;true&#8221; css=&#8221;.vc_custom_1775848659098{background-image: url(https:\/\/rvpaternite.org\/wp-content\/uploads\/2026\/04\/Bandeau-Web-1920&#215;315-1.png?id=19218) !important;}&#8221;][vc_column][mk_padding_divider size=&#8221;315&#8243;][\/vc_column][\/vc_row][vc_row fullwidth=&#8221;true&#8221; css=&#8221;.vc_custom_1775848881886{background-color: #286AA4 !important;}&#8221;][vc_column][mk_padding_divider size=&#8221;30&#8243;][mk_title_box color=&#8221;#ffffff&#8221; highlight_opacity=&#8221;0&#8243; size=&#8221;28&#8243; font_weight=&#8221;bold&#8221; font_family=&#8221;none&#8221;] Semaine Qu\u00e9b\u00e9coise de la Paternit\u00e9 [\/mk_title_box][\/vc_column][\/vc_row][vc_row el_class=&#8221;row-principe-vision pv50 padding-side&#8221;][vc_column width=&#8221;1\/6&#8243;][\/vc_column][vc_column width=&#8221;2\/3&#8243;][vc_column_text margin_bottom=&#8221;0&#8243; css=&#8221;.vc_custom_1775849211404{margin-bottom: 0px !important;}&#8221;] The 13th edition of the event will be held June 15-21, 2026 &nbsp; La Semaine Qu\u00e9b\u00e9coise de la Paternit\u00e9 was established in 2013 and [&hellip;]\" \/>\n<meta property=\"og:url\" content=\"https:\/\/rvpaternite.org\/en\/semaine-quebecoise-de-la-paternite\/\" \/>\n<meta property=\"og:site_name\" content=\"Regroupement pour la valorisation de la paternit\u00e9\" \/>\n<meta property=\"article:modified_time\" content=\"2026-04-15T15:21:20+00:00\" \/>\n<meta name=\"twitter:card\" content=\"summary_large_image\" \/>\n<meta name=\"twitter:label1\" content=\"Est. reading time\" \/>\n\t<meta name=\"twitter:data1\" content=\"5 minutes\" \/>\n<script type=\"application\/ld+json\" class=\"yoast-schema-graph\">{\"@context\":\"https:\\\/\\\/schema.org\",\"@graph\":[{\"@type\":\"WebPage\",\"@id\":\"https:\\\/\\\/rvpaternite.org\\\/en\\\/semaine-quebecoise-de-la-paternite\\\/\",\"url\":\"https:\\\/\\\/rvpaternite.org\\\/en\\\/semaine-quebecoise-de-la-paternite\\\/\",\"name\":\"Semaine Qu\u00e9b\u00e9coise de la Paternit\u00e9 - Regroupement pour la valorisation de la paternit\u00e9\",\"isPartOf\":{\"@id\":\"https:\\\/\\\/rvpaternite.org\\\/#website\"},\"datePublished\":\"2026-04-15T15:21:19+00:00\",\"dateModified\":\"2026-04-15T15:21:20+00:00\",\"breadcrumb\":{\"@id\":\"https:\\\/\\\/rvpaternite.org\\\/en\\\/semaine-quebecoise-de-la-paternite\\\/#breadcrumb\"},\"inLanguage\":\"en-US\",\"potentialAction\":[{\"@type\":\"ReadAction\",\"target\":[\"https:\\\/\\\/rvpaternite.org\\\/en\\\/semaine-quebecoise-de-la-paternite\\\/\"]}]},{\"@type\":\"BreadcrumbList\",\"@id\":\"https:\\\/\\\/rvpaternite.org\\\/en\\\/semaine-quebecoise-de-la-paternite\\\/#breadcrumb\",\"itemListElement\":[{\"@type\":\"ListItem\",\"position\":1,\"name\":\"Accueil\",\"item\":\"https:\\\/\\\/rvpaternite.org\\\/\"},{\"@type\":\"ListItem\",\"position\":2,\"name\":\"Semaine Qu\u00e9b\u00e9coise de la Paternit\u00e9\"}]},{\"@type\":\"WebSite\",\"@id\":\"https:\\\/\\\/rvpaternite.org\\\/#website\",\"url\":\"https:\\\/\\\/rvpaternite.org\\\/\",\"name\":\"Regroupement pour la valorisation de la paternit\u00e9\",\"description\":\"\",\"potentialAction\":[{\"@type\":\"SearchAction\",\"target\":{\"@type\":\"EntryPoint\",\"urlTemplate\":\"https:\\\/\\\/rvpaternite.org\\\/?s={search_term_string}\"},\"query-input\":{\"@type\":\"PropertyValueSpecification\",\"valueRequired\":true,\"valueName\":\"search_term_string\"}}],\"inLanguage\":\"en-US\"}]}<\/script>\n<!-- \/ Yoast SEO plugin. -->","yoast_head_json":{"title":"Semaine Qu\u00e9b\u00e9coise de la Paternit\u00e9 - Regroupement pour la valorisation de la paternit\u00e9","robots":{"index":"index","follow":"follow","max-snippet":"max-snippet:-1","max-image-preview":"max-image-preview:large","max-video-preview":"max-video-preview:-1"},"og_locale":"en_US","og_type":"article","og_title":"Semaine Qu\u00e9b\u00e9coise de la Paternit\u00e9 - Regroupement pour la valorisation de la paternit\u00e9","og_description":"[vc_row fullwidth=&#8221;true&#8221; css=&#8221;.vc_custom_1775848659098{background-image: url(https:\/\/rvpaternite.org\/wp-content\/uploads\/2026\/04\/Bandeau-Web-1920&#215;315-1.png?id=19218) !important;}&#8221;][vc_column][mk_padding_divider size=&#8221;315&#8243;][\/vc_column][\/vc_row][vc_row fullwidth=&#8221;true&#8221; css=&#8221;.vc_custom_1775848881886{background-color: #286AA4 !important;}&#8221;][vc_column][mk_padding_divider size=&#8221;30&#8243;][mk_title_box color=&#8221;#ffffff&#8221; highlight_opacity=&#8221;0&#8243; size=&#8221;28&#8243; font_weight=&#8221;bold&#8221; font_family=&#8221;none&#8221;] Semaine Qu\u00e9b\u00e9coise de la Paternit\u00e9 [\/mk_title_box][\/vc_column][\/vc_row][vc_row el_class=&#8221;row-principe-vision pv50 padding-side&#8221;][vc_column width=&#8221;1\/6&#8243;][\/vc_column][vc_column width=&#8221;2\/3&#8243;][vc_column_text margin_bottom=&#8221;0&#8243; css=&#8221;.vc_custom_1775849211404{margin-bottom: 0px !important;}&#8221;] The 13th edition of the event will be held June 15-21, 2026 &nbsp; La Semaine Qu\u00e9b\u00e9coise de la Paternit\u00e9 was established in 2013 and [&hellip;]","og_url":"https:\/\/rvpaternite.org\/en\/semaine-quebecoise-de-la-paternite\/","og_site_name":"Regroupement pour la valorisation de la paternit\u00e9","article_modified_time":"2026-04-15T15:21:20+00:00","twitter_card":"summary_large_image","twitter_misc":{"Est. reading time":"5 minutes"},"schema":{"@context":"https:\/\/schema.org","@graph":[{"@type":"WebPage","@id":"https:\/\/rvpaternite.org\/en\/semaine-quebecoise-de-la-paternite\/","url":"https:\/\/rvpaternite.org\/en\/semaine-quebecoise-de-la-paternite\/","name":"Semaine Qu\u00e9b\u00e9coise de la Paternit\u00e9 - Regroupement pour la valorisation de la paternit\u00e9","isPartOf":{"@id":"https:\/\/rvpaternite.org\/#website"},"datePublished":"2026-04-15T15:21:19+00:00","dateModified":"2026-04-15T15:21:20+00:00","breadcrumb":{"@id":"https:\/\/rvpaternite.org\/en\/semaine-quebecoise-de-la-paternite\/#breadcrumb"},"inLanguage":"en-US","potentialAction":[{"@type":"ReadAction","target":["https:\/\/rvpaternite.org\/en\/semaine-quebecoise-de-la-paternite\/"]}]},{"@type":"BreadcrumbList","@id":"https:\/\/rvpaternite.org\/en\/semaine-quebecoise-de-la-paternite\/#breadcrumb","itemListElement":[{"@type":"ListItem","position":1,"name":"Accueil","item":"https:\/\/rvpaternite.org\/"},{"@type":"ListItem","position":2,"name":"Semaine Qu\u00e9b\u00e9coise de la Paternit\u00e9"}]},{"@type":"WebSite","@id":"https:\/\/rvpaternite.org\/#website","url":"https:\/\/rvpaternite.org\/","name":"Regroupement pour la valorisation de la paternit\u00e9","description":"","potentialAction":[{"@type":"SearchAction","target":{"@type":"EntryPoint","urlTemplate":"https:\/\/rvpaternite.org\/?s={search_term_string}"},"query-input":{"@type":"PropertyValueSpecification","valueRequired":true,"valueName":"search_term_string"}}],"inLanguage":"en-US"}]}},"_links":{"self":[{"href":"https:\/\/rvpaternite.org\/en\/wp-json\/wp\/v2\/pages\/19227","targetHints":{"allow":["GET"]}}],"collection":[{"href":"https:\/\/rvpaternite.org\/en\/wp-json\/wp\/v2\/pages"}],"about":[{"href":"https:\/\/rvpaternite.org\/en\/wp-json\/wp\/v2\/types\/page"}],"author":[{"embeddable":true,"href":"https:\/\/rvpaternite.org\/en\/wp-json\/wp\/v2\/users\/83"}],"replies":[{"embeddable":true,"href":"https:\/\/rvpaternite.org\/en\/wp-json\/wp\/v2\/comments?post=19227"}],"version-history":[{"count":2,"href":"https:\/\/rvpaternite.org\/en\/wp-json\/wp\/v2\/pages\/19227\/revisions"}],"predecessor-version":[{"id":19229,"href":"https:\/\/rvpaternite.org\/en\/wp-json\/wp\/v2\/pages\/19227\/revisions\/19229"}],"wp:attachment":[{"href":"https:\/\/rvpaternite.org\/en\/wp-json\/wp\/v2\/media?parent=19227"}],"curies":[{"name":"wp","href":"https:\/\/api.w.org\/{rel}","templated":true}]}}